{"id":22,"date":"2016-03-08T14:22:37","date_gmt":"2016-03-08T13:22:37","guid":{"rendered":"http:\/\/www.ecofirma.ci\/?page_id=22"},"modified":"2023-07-26T12:28:02","modified_gmt":"2023-07-26T11:28:02","slug":"a-ecofirma","status":"publish","type":"page","link":"https:\/\/www.ecofirma.sn\/index.php\/a-ecofirma\/","title":{"rendered":"ECOFIRMA"},"content":{"rendered":"\n<figure class=\"wp-block-image\"><img decoding=\"async\" width=\"300\" height=\"99\" src=\"https:\/\/www.ecofirma.sn\/wp-content\/uploads\/2016\/03\/senegalflag-01-300x99.jpg\" alt=\"\" class=\"wp-image-13218\" srcset=\"https:\/\/www.ecofirma.sn\/wp-content\/uploads\/2016\/03\/senegalflag-01-300x99.jpg 300w, https:\/\/www.ecofirma.sn\/wp-content\/uploads\/2016\/03\/senegalflag-01-768x254.jpg 768w, https:\/\/www.ecofirma.sn\/wp-content\/uploads\/2016\/03\/senegalflag-01-1024x338.jpg 1024w, https:\/\/www.ecofirma.sn\/wp-content\/uploads\/2016\/03\/senegalflag-01-960x317.jpg 960w, https:\/\/www.ecofirma.sn\/wp-content\/uploads\/2016\/03\/senegalflag-01.jpg 1782w\" sizes=\"(max-width: 300px) 100vw, 300px\" \/><\/figure>\n\n\n\n<p>Pour Ecofirma il n\u2019existe qu\u2019un futur: le global. Nous avons d\u00e9j\u00e0 sur notre carte les pays de l\u2019Europe, d\u2019Afrique et d\u2019Am\u00e9rique. Nous avons apport\u00e9 en S\u00e9n\u00e9gal les produits, techniques et \u00e9quipements les plus \u00e9volu\u00e9s qui garantissent l\u2019optimisation de l\u2019efficacit\u00e9 de toutes les structures de r\u00e9tention d\u2019eau.<\/p>\n\n\n\n<!--more-->\n\n\n\n<h3 class=\"wp-block-heading\">Objectifs<\/h3>\n\n\n\n<p>Nous voulons garantir la cr\u00e9dibilit\u00e9, la comp\u00e9tence et la notori\u00e9t\u00e9 sur tous les march\u00e9s o\u00f9 nous sommes pr\u00e9sents.<br>Nous voulons \u00eatre des leaders en ce qui concerne la fourniture de syst\u00e8me d\u2019eau et r\u00e9habilitation de structures de b\u00e9ton dans les cinq prochaines ann\u00e9es.<br>Nous voulons \u00eatre leader dans la conception et l\u2019ex\u00e9cution de syst\u00e8mes d\u2019optimisation et d\u2019efficience de <\/p>\n\n\n\n<p>l\u2019eau par des techniques et produits avant-gardistes.<\/p>\n\n\n\n<figure class=\"wp-block-image size-full is-resized\"><a href=\"https:\/\/www.ecofirma.sn\/wp-content\/uploads\/2023\/07\/Zertifikat_EN_Ecofirma_Senegal.png\"><img fetchpriority=\"high\" decoding=\"async\" src=\"https:\/\/www.ecofirma.sn\/wp-content\/uploads\/2023\/07\/Zertifikat_EN_Ecofirma_Senegal.png\" alt=\"\" class=\"wp-image-13250\" width=\"358\" height=\"509\" srcset=\"https:\/\/www.ecofirma.sn\/wp-content\/uploads\/2023\/07\/Zertifikat_EN_Ecofirma_Senegal.png 659w, https:\/\/www.ecofirma.sn\/wp-content\/uploads\/2023\/07\/Zertifikat_EN_Ecofirma_Senegal-211x300.png 211w\" sizes=\"(max-width: 358px) 100vw, 358px\" \/><\/a><\/figure>\n\n\n\n<p><strong>Certificat d&#8217;applicateur de syst\u00e8mes d&#8217;\u00e9tanch\u00e9it\u00e9 TPH<\/strong><\/p>\n\n\n\n<p>Ecofirma d\u00e9tient la licence accord\u00e9e par l&#8217;INSTITUT DE R\u00c9GULATION DE LA CONSTRUCTION CIVILE ET DES TRAVAUX PUBLICS, ce qui signifie qu&#8217;elle est autoris\u00e9e \u00e0 effectuer des travaux de construction. L&#8217;entreprise r\u00e9pond donc \u00e0 un ensemble d&#8217;exigences pour l&#8217;exercice de l&#8217;activit\u00e9 de construction, li\u00e9es \u00e0 l&#8217;ad\u00e9quation, la capacit\u00e9 technique, la capacit\u00e9 \u00e9conomique et financi\u00e8re.<\/p>\n\n\n\n<p><\/p>\n","protected":false},"excerpt":{"rendered":"<p>Pour Ecofirma il n\u2019existe qu\u2019un futur: le global. Nous avons d\u00e9j\u00e0 sur notre carte les pays de l\u2019Europe, d\u2019Afrique et d\u2019Am\u00e9rique. Nous avons apport\u00e9 en S\u00e9n\u00e9gal les produits, techniques et \u00e9quipements les plus \u00e9volu\u00e9s qui garantissent l\u2019optimisation de&#8230; <a class=\"read-more\" href=\"https:\/\/www.ecofirma.sn\/index.php\/a-ecofirma\/\">En savoir plus<\/a><\/p>\n","protected":false},"author":1,"featured_media":0,"parent":0,"menu_order":0,"comment_status":"closed","ping_status":"closed","template":"","meta":{"footnotes":""},"class_list":["post-22","page","type-page","status-publish","hentry"],"_links":{"self":[{"href":"https:\/\/www.ecofirma.sn\/index.php\/wp-json\/wp\/v2\/pages\/22","targetHints":{"allow":["GET"]}}],"collection":[{"href":"https:\/\/www.ecofirma.sn\/index.php\/wp-json\/wp\/v2\/pages"}],"about":[{"href":"https:\/\/www.ecofirma.sn\/index.php\/wp-json\/wp\/v2\/types\/page"}],"author":[{"embeddable":true,"href":"https:\/\/www.ecofirma.sn\/index.php\/wp-json\/wp\/v2\/users\/1"}],"replies":[{"embeddable":true,"href":"https:\/\/www.ecofirma.sn\/index.php\/wp-json\/wp\/v2\/comments?post=22"}],"version-history":[{"count":33,"href":"https:\/\/www.ecofirma.sn\/index.php\/wp-json\/wp\/v2\/pages\/22\/revisions"}],"predecessor-version":[{"id":13251,"href":"https:\/\/www.ecofirma.sn\/index.php\/wp-json\/wp\/v2\/pages\/22\/revisions\/13251"}],"wp:attachment":[{"href":"https:\/\/www.ecofirma.sn\/index.php\/wp-json\/wp\/v2\/media?parent=22"}],"curies":[{"name":"wp","href":"https:\/\/api.w.org\/{rel}","templated":true}]}}