{"id":28,"date":"2016-03-08T14:25:32","date_gmt":"2016-03-08T13:25:32","guid":{"rendered":"http:\/\/www.ecofirma.ci\/?page_id=28"},"modified":"2024-11-20T10:04:56","modified_gmt":"2024-11-20T09:04:56","slug":"contactos","status":"publish","type":"page","link":"https:\/\/www.ecofirma.sn\/index.php\/contactos\/","title":{"rendered":"contactez nous"},"content":{"rendered":"\t\t<div data-elementor-type=\"wp-page\" data-elementor-id=\"28\" class=\"elementor elementor-28\" data-elementor-post-type=\"page\">\n\t\t\t\t\t\t<section class=\"elementor-section elementor-top-section elementor-element elementor-element-754b6f1a elementor-section-boxed elementor-section-height-default elementor-section-height-default\" data-id=\"754b6f1a\" data-element_type=\"section\" data-e-type=\"section\">\n\t\t\t\t\t\t<div class=\"elementor-container elementor-column-gap-default\">\n\t\t\t\t\t<div class=\"elementor-column elementor-col-100 elementor-top-column elementor-element elementor-element-584022ba\" data-id=\"584022ba\" data-element_type=\"column\" data-e-type=\"column\">\n\t\t\t<div class=\"elementor-widget-wrap elementor-element-populated\">\n\t\t\t\t\t\t<div class=\"elementor-element elementor-element-439705d elementor-widget elementor-widget-text-editor\" data-id=\"439705d\" data-element_type=\"widget\" data-e-type=\"widget\" data-widget_type=\"text-editor.default\">\n\t\t\t\t<div class=\"elementor-widget-container\">\n\t\t\t\t\t\t\t\t\t<p><span style=\"color: #ff9900;\"><b>SENEGAL SUARL<\/b><\/span><br \/><strong>Lot N\u00ba340 Cit\u00e9 Fonctionnaire sise \u00e0 Diamniadio S\u00e9bikotane<\/strong><\/p><p><strong>Tel.: +221 77 708 70 70<\/strong><br \/><strong>E-mail: commercial@ecofirma.sn<\/strong><\/p><hr \/><p><span style=\"color: #ff9900;\"><strong>C\u00d4TE D&#8217;IVOIRE<\/strong><\/span><br \/>Cocody, II Plateaux, Rue des Jardins,<br \/>Centre d\u2019affaire, 06 B.P. 2569 Abidjan 06<br \/>C\u00f4te d\u2019ivoire.<\/p><p>Tel.: +225 220 090 60<br \/>E-mail: comercial@ecofirma.ci<\/p><hr \/><p><span style=\"color: #ff9900;\"><strong>PORTUGAL<\/strong><\/span><br \/>Rua \u00a0Soldado Manuel Pinheiro Magalh\u00e3es, 16, Lote B<br \/>Parque Industrial de Ada\u00fafe<br \/>4710-167 Ada\u00fafe, Braga<br \/>Portugal<\/p><p>Tel.: +351 253 675 818<br \/>E-mail: comercial@ecofirmail.com<\/p><hr \/><p><span style=\"color: #ff9900;\"><strong>ANGOLA<\/strong><\/span><br \/>Condom\u00ednio Horizonte Sul,<br \/>n.\u00ba 14 A Talatona<br \/>Belas, Luanda<br \/>Angola<\/p><p>T<span id=\"result_box\" class=\"short_text\" lang=\"fr\"><span class=\"\">\u00e9l\u00e9phone<\/span><\/span>: +244 222 027 524<br \/>Mobil.: +244 940 922 411<br \/>E-mail: comercial@ecofirma.co.ao<\/p><hr \/><p><span style=\"color: #ff9900;\"><strong>BR\u00c9SIL<\/strong><\/span><br \/>Rua Prudente de Mor\u00e3es-229 Bairro<br \/>Uni\u00e3o da Vit\u00f3ria<br \/>Paran\u00e1 CEP: 85600-000<\/p><p>T<span id=\"result_box\" class=\"short_text\" lang=\"fr\"><span class=\"\">\u00e9l\u00e9phone<\/span><\/span>: +554 791 507 676<br \/>E-mail: comercial@ecofirma.com.br<\/p><hr \/><p><span style=\"color: #ff0000;\"><strong><span style=\"color: #ff9900;\">ALG\u00c9RIE<\/span><br \/><\/strong><\/span>Villa n 31, Lot\u00edssement AADL<br \/>Said Handine-Bir Mourad Rais<br \/>Alger<\/p><p>T<span id=\"result_box\" class=\"short_text\" lang=\"fr\"><span class=\"\">\u00e9l\u00e9phone<\/span><\/span>:+213 550 358 074 <strong>\/ <\/strong>+213 550 356 758<br \/>E-mail: comercial@ecofirma.eu<\/p><hr \/><p>\u00a0<\/p>\t\t\t\t\t\t\t\t<\/div>\n\t\t\t\t<\/div>\n\t\t\t\t\t<\/div>\n\t\t<\/div>\n\t\t\t\t\t<\/div>\n\t\t<\/section>\n\t\t\t\t<\/div>\n\t\t","protected":false},"excerpt":{"rendered":"<p>SENEGAL SUARLLot N\u00ba340 Cit\u00e9 Fonctionnaire sise \u00e0 Diamniadio S\u00e9bikotane Tel.: +221 77 708 70 70E-mail: commercial@ecofirma.sn C\u00d4TE D&#8217;IVOIRECocody, II Plateaux, Rue des Jardins,Centre d\u2019affaire, 06 B.P. 2569 Abidjan 06C\u00f4te d\u2019ivoire. Tel.: +225 220 090 60E-mail: comercial@ecofirma.ci PORTUGALRua \u00a0Soldado&#8230; <a class=\"read-more\" href=\"https:\/\/www.ecofirma.sn\/index.php\/contactos\/\">En savoir plus<\/a><\/p>\n","protected":false},"author":1,"featured_media":0,"parent":0,"menu_order":0,"comment_status":"closed","ping_status":"closed","template":"","meta":{"footnotes":""},"class_list":["post-28","page","type-page","status-publish","hentry"],"_links":{"self":[{"href":"https:\/\/www.ecofirma.sn\/index.php\/wp-json\/wp\/v2\/pages\/28","targetHints":{"allow":["GET"]}}],"collection":[{"href":"https:\/\/www.ecofirma.sn\/index.php\/wp-json\/wp\/v2\/pages"}],"about":[{"href":"https:\/\/www.ecofirma.sn\/index.php\/wp-json\/wp\/v2\/types\/page"}],"author":[{"embeddable":true,"href":"https:\/\/www.ecofirma.sn\/index.php\/wp-json\/wp\/v2\/users\/1"}],"replies":[{"embeddable":true,"href":"https:\/\/www.ecofirma.sn\/index.php\/wp-json\/wp\/v2\/comments?post=28"}],"version-history":[{"count":26,"href":"https:\/\/www.ecofirma.sn\/index.php\/wp-json\/wp\/v2\/pages\/28\/revisions"}],"predecessor-version":[{"id":13297,"href":"https:\/\/www.ecofirma.sn\/index.php\/wp-json\/wp\/v2\/pages\/28\/revisions\/13297"}],"wp:attachment":[{"href":"https:\/\/www.ecofirma.sn\/index.php\/wp-json\/wp\/v2\/media?parent=28"}],"curies":[{"name":"wp","href":"https:\/\/api.w.org\/{rel}","templated":true}]}}