{"id":347,"date":"2016-04-14T15:44:25","date_gmt":"2016-04-14T14:44:25","guid":{"rendered":"http:\/\/www.ecofirma.ci\/?page_id=347"},"modified":"2016-10-31T11:29:25","modified_gmt":"2016-10-31T10:29:25","slug":"produtos","status":"publish","type":"page","link":"https:\/\/www.ecofirma.sn\/index.php\/produtos\/","title":{"rendered":""},"content":{"rendered":"<h1>Produits<\/h1>\n<p><img decoding=\"async\" class=\"alignnone wp-image-833 size-full\" src=\"http:\/\/www.ecofirma.ci\/wp-content\/uploads\/2016\/04\/Cisternas.jpg\" width=\"208\" height=\"205\" \/> <img decoding=\"async\" class=\"alignnone wp-image-834 size-full\" src=\"http:\/\/www.ecofirma.ci\/wp-content\/uploads\/2016\/04\/EcoEtar40.jpg\" width=\"210\" height=\"205\" \/><img decoding=\"async\" class=\"alignnone wp-image-835 size-full\" src=\"http:\/\/www.ecofirma.ci\/wp-content\/uploads\/2016\/04\/Reseco.jpg\" width=\"207\" height=\"207\" srcset=\"https:\/\/www.ecofirma.sn\/wp-content\/uploads\/2016\/04\/Reseco.jpg 207w, https:\/\/www.ecofirma.sn\/wp-content\/uploads\/2016\/04\/Reseco-150x150.jpg 150w\" sizes=\"(max-width: 207px) 100vw, 207px\" \/><img loading=\"lazy\" decoding=\"async\" class=\"alignnone wp-image-836 size-full\" src=\"http:\/\/www.ecofirma.ci\/wp-content\/uploads\/2016\/04\/DesiEspInt.jpg\" width=\"208\" height=\"202\" \/><img loading=\"lazy\" decoding=\"async\" class=\"alignnone wp-image-837 size-full\" src=\"http:\/\/www.ecofirma.ci\/wp-content\/uploads\/2016\/04\/EcoFilter.jpg\" width=\"206\" height=\"203\" \/><a href=\"http:\/\/www.ecofirma.ci\/wp-content\/uploads\/2016\/09\/Ecodosing.pdf\" target=\"_blank\">\u00a0 <\/a><img loading=\"lazy\" decoding=\"async\" class=\"alignnone wp-image-838 size-full\" src=\"http:\/\/www.ecofirma.ci\/wp-content\/uploads\/2016\/04\/Ecodosing.jpg\" width=\"207\" height=\"205\" srcset=\"https:\/\/www.ecofirma.sn\/wp-content\/uploads\/2016\/04\/Ecodosing.jpg 207w, https:\/\/www.ecofirma.sn\/wp-content\/uploads\/2016\/04\/Ecodosing-150x150.jpg 150w\" sizes=\"(max-width: 207px) 100vw, 207px\" \/><!--more--><\/p>\n<p>Pour toute information ou si vous \u00eatre int\u00e9ress\u00e9 par nos produits. S\u2019il vous plait veuillez nous \u00e9crire sur <span style=\"color: #ff9900;\"><a style=\"color: #ff9900;\" href=\"mailto:comercial@ecofirma.ci\">comercial@ecofirma.ci<\/a><span style=\"color: #808080;\">.<\/span><\/span><\/p>\n","protected":false},"excerpt":{"rendered":"<p>Produits \u00a0<\/p>\n","protected":false},"author":1,"featured_media":0,"parent":0,"menu_order":0,"comment_status":"closed","ping_status":"closed","template":"","meta":{"footnotes":""},"class_list":["post-347","page","type-page","status-publish","hentry"],"_links":{"self":[{"href":"https:\/\/www.ecofirma.sn\/index.php\/wp-json\/wp\/v2\/pages\/347","targetHints":{"allow":["GET"]}}],"collection":[{"href":"https:\/\/www.ecofirma.sn\/index.php\/wp-json\/wp\/v2\/pages"}],"about":[{"href":"https:\/\/www.ecofirma.sn\/index.php\/wp-json\/wp\/v2\/types\/page"}],"author":[{"embeddable":true,"href":"https:\/\/www.ecofirma.sn\/index.php\/wp-json\/wp\/v2\/users\/1"}],"replies":[{"embeddable":true,"href":"https:\/\/www.ecofirma.sn\/index.php\/wp-json\/wp\/v2\/comments?post=347"}],"version-history":[{"count":59,"href":"https:\/\/www.ecofirma.sn\/index.php\/wp-json\/wp\/v2\/pages\/347\/revisions"}],"predecessor-version":[{"id":840,"href":"https:\/\/www.ecofirma.sn\/index.php\/wp-json\/wp\/v2\/pages\/347\/revisions\/840"}],"wp:attachment":[{"href":"https:\/\/www.ecofirma.sn\/index.php\/wp-json\/wp\/v2\/media?parent=347"}],"curies":[{"name":"wp","href":"https:\/\/api.w.org\/{rel}","templated":true}]}}