{"id":43,"date":"2016-03-08T16:06:02","date_gmt":"2016-03-08T15:06:02","guid":{"rendered":"http:\/\/www.ecofirma.ci\/?page_id=43"},"modified":"2016-03-15T12:12:15","modified_gmt":"2016-03-15T11:12:15","slug":"reabilitacao-e-impermeabilizacao-de-estruturas","status":"publish","type":"page","link":"https:\/\/www.ecofirma.sn\/index.php\/notre-activite\/reabilitacao-e-impermeabilizacao-de-estruturas\/","title":{"rendered":"Reabilita\u00e7\u00e3o e impermeabiliza\u00e7\u00e3o de estruturas"},"content":{"rendered":"<div class=\"organic-column one-half\"><img fetchpriority=\"high\" decoding=\"async\" width=\"300\" height=\"169\" class=\"alignnone size-medium wp-image-151\" src=\"http:\/\/www.ecofirma.ci\/wp-content\/uploads\/2016\/03\/Calueque-300x169.jpg\" alt=\"Calueque\" srcset=\"https:\/\/www.ecofirma.sn\/wp-content\/uploads\/2016\/03\/Calueque-300x169.jpg 300w, https:\/\/www.ecofirma.sn\/wp-content\/uploads\/2016\/03\/Calueque.jpg 707w\" sizes=\"(max-width: 300px) 100vw, 300px\" \/><br \/>\nTratamento do bet\u00e3o e impermeabiliza\u00e7\u00e3o.<\/p>\n<p><img decoding=\"async\" width=\"300\" height=\"206\" class=\"alignnone size-medium wp-image-152\" src=\"http:\/\/www.ecofirma.ci\/wp-content\/uploads\/2016\/03\/reabiliatac\u0327o\u0303esA-300x206.jpg\" alt=\"reabiliatac\u0327o\u0303esA\" srcset=\"https:\/\/www.ecofirma.sn\/wp-content\/uploads\/2016\/03\/reabiliatac\u0327o\u0303esA-300x206.jpg 300w, https:\/\/www.ecofirma.sn\/wp-content\/uploads\/2016\/03\/reabiliatac\u0327o\u0303esA.jpg 520w\" sizes=\"(max-width: 300px) 100vw, 300px\" \/><br \/>\n<em>Tratamento do bet\u00e3o e impermeabiliza\u00e7\u00e3o dos reservat\u00f3rios de \u00e1gua pot\u00e1vel.<\/em><\/p>\n<p><img decoding=\"async\" width=\"300\" height=\"225\" class=\"alignnone size-medium wp-image-135\" src=\"http:\/\/www.ecofirma.ci\/wp-content\/uploads\/2016\/03\/P6120034-300x225.jpg\" alt=\"OLYMPUS DIGITAL CAMERA\" srcset=\"https:\/\/www.ecofirma.sn\/wp-content\/uploads\/2016\/03\/P6120034-300x225.jpg 300w, https:\/\/www.ecofirma.sn\/wp-content\/uploads\/2016\/03\/P6120034-768x576.jpg 768w, https:\/\/www.ecofirma.sn\/wp-content\/uploads\/2016\/03\/P6120034.jpg 1024w, https:\/\/www.ecofirma.sn\/wp-content\/uploads\/2016\/03\/P6120034-960x720.jpg 960w\" sizes=\"(max-width: 300px) 100vw, 300px\" \/><em><br \/>\nT\u00fanel da barragem de Capanda &#8211; Malange <\/div><\/em><\/p>\n<div class=\"organic-column one-half last\"> Mais do que satisfazer, queremos surpreender os nossos clientes. Com rigorosos n\u00edveis de qualidade, reabilitamos e impermeabilizamos diversos tipos de estruturas:<\/p>\n<ul>\n<li><strong>Reservat\u00f3rios;<\/strong><\/li>\n<li><strong>Todo o tipo de \u00f3rg\u00e3os integrantes de uma esta\u00e7\u00e3o de tratamento de \u00e1gua;<\/strong><\/li>\n<li><strong>Fontes ornamentais;<\/strong><\/li>\n<li><strong>Piscinas;<\/strong><\/li>\n<li><strong>Estruturas, essencialmente em bet\u00e3o;<\/strong><\/li>\n<li><strong>Barragens.<\/strong><br \/>\nO sucesso com que conclu\u00edmos exigentes projectos \u00e9 a melhor prova da nossa compet\u00eancia.<\/div><div class=\"clearboth\"><\/div><\/li>\n<\/ul>\n","protected":false},"excerpt":{"rendered":"","protected":false},"author":1,"featured_media":0,"parent":24,"menu_order":0,"comment_status":"closed","ping_status":"closed","template":"","meta":{"footnotes":""},"class_list":["post-43","page","type-page","status-publish","hentry"],"_links":{"self":[{"href":"https:\/\/www.ecofirma.sn\/index.php\/wp-json\/wp\/v2\/pages\/43","targetHints":{"allow":["GET"]}}],"collection":[{"href":"https:\/\/www.ecofirma.sn\/index.php\/wp-json\/wp\/v2\/pages"}],"about":[{"href":"https:\/\/www.ecofirma.sn\/index.php\/wp-json\/wp\/v2\/types\/page"}],"author":[{"embeddable":true,"href":"https:\/\/www.ecofirma.sn\/index.php\/wp-json\/wp\/v2\/users\/1"}],"replies":[{"embeddable":true,"href":"https:\/\/www.ecofirma.sn\/index.php\/wp-json\/wp\/v2\/comments?post=43"}],"version-history":[{"count":18,"href":"https:\/\/www.ecofirma.sn\/index.php\/wp-json\/wp\/v2\/pages\/43\/revisions"}],"predecessor-version":[{"id":153,"href":"https:\/\/www.ecofirma.sn\/index.php\/wp-json\/wp\/v2\/pages\/43\/revisions\/153"}],"up":[{"embeddable":true,"href":"https:\/\/www.ecofirma.sn\/index.php\/wp-json\/wp\/v2\/pages\/24"}],"wp:attachment":[{"href":"https:\/\/www.ecofirma.sn\/index.php\/wp-json\/wp\/v2\/media?parent=43"}],"curies":[{"name":"wp","href":"https:\/\/api.w.org\/{rel}","templated":true}]}}