{"id":54,"date":"2016-03-08T16:21:58","date_gmt":"2016-03-08T15:21:58","guid":{"rendered":"http:\/\/www.ecofirma.ci\/?page_id=54"},"modified":"2016-03-15T17:07:14","modified_gmt":"2016-03-15T16:07:14","slug":"forne-dimensio-montagem-e-manutencao-de-sist-de-abaste-e-tratamento-de-aguas","status":"publish","type":"page","link":"https:\/\/www.ecofirma.sn\/index.php\/notre-activite\/forne-dimensio-montagem-e-manutencao-de-sist-de-abaste-e-tratamento-de-aguas\/","title":{"rendered":"Fornecimento, dimensionamento, montagem e manuten\u00e7\u00e3o de sistemas de abastecimento e tratamento de \u00e1guas"},"content":{"rendered":"<div class=\"organic-column one-half\"><img fetchpriority=\"high\" decoding=\"async\" width=\"300\" height=\"197\" class=\"alignnone size-medium wp-image-177\" src=\"http:\/\/www.ecofirma.ci\/wp-content\/uploads\/2016\/03\/estac\u0327o\u0303es-elevato\u0301rias-300x197.jpg\" alt=\"estac\u0327o\u0303es elevato\u0301rias\" srcset=\"https:\/\/www.ecofirma.sn\/wp-content\/uploads\/2016\/03\/estac\u0327o\u0303es-elevato\u0301rias-300x197.jpg 300w, https:\/\/www.ecofirma.sn\/wp-content\/uploads\/2016\/03\/estac\u0327o\u0303es-elevato\u0301rias-768x505.jpg 768w, https:\/\/www.ecofirma.sn\/wp-content\/uploads\/2016\/03\/estac\u0327o\u0303es-elevato\u0301rias-1024x673.jpg 1024w, https:\/\/www.ecofirma.sn\/wp-content\/uploads\/2016\/03\/estac\u0327o\u0303es-elevato\u0301rias-960x631.jpg 960w, https:\/\/www.ecofirma.sn\/wp-content\/uploads\/2016\/03\/estac\u0327o\u0303es-elevato\u0301rias.jpg 1746w\" sizes=\"(max-width: 300px) 100vw, 300px\" \/><br \/>\n<em>Esta\u00e7\u00f5es elevat\u00f3rias de abastecimento de \u00e1gua.<\/em><\/p>\n<p><img decoding=\"async\" width=\"300\" height=\"225\" class=\"alignnone size-medium wp-image-175\" src=\"http:\/\/www.ecofirma.ci\/wp-content\/uploads\/2016\/03\/Untitled-3-300x225.jpg\" alt=\"Untitled-3\" srcset=\"https:\/\/www.ecofirma.sn\/wp-content\/uploads\/2016\/03\/Untitled-3-300x225.jpg 300w, https:\/\/www.ecofirma.sn\/wp-content\/uploads\/2016\/03\/Untitled-3-768x576.jpg 768w, https:\/\/www.ecofirma.sn\/wp-content\/uploads\/2016\/03\/Untitled-3.jpg 837w\" sizes=\"(max-width: 300px) 100vw, 300px\" \/><br \/>\n<em>Sistema de tratamento de \u00e1gua, composto por sistema de ultra filtra\u00e7\u00e3o e sistema de osmose inversa.<\/em><\/p>\n<p><img decoding=\"async\" width=\"300\" height=\"199\" class=\"alignnone size-medium wp-image-179\" src=\"http:\/\/www.ecofirma.ci\/wp-content\/uploads\/2016\/03\/Estac\u0327a\u0303oTratamento01-300x199.jpg\" alt=\"Estac\u0327a\u0303oTratamento01\" srcset=\"https:\/\/www.ecofirma.sn\/wp-content\/uploads\/2016\/03\/Estac\u0327a\u0303oTratamento01-300x199.jpg 300w, https:\/\/www.ecofirma.sn\/wp-content\/uploads\/2016\/03\/Estac\u0327a\u0303oTratamento01-768x510.jpg 768w, https:\/\/www.ecofirma.sn\/wp-content\/uploads\/2016\/03\/Estac\u0327a\u0303oTratamento01-1024x680.jpg 1024w, https:\/\/www.ecofirma.sn\/wp-content\/uploads\/2016\/03\/Estac\u0327a\u0303oTratamento01-960x637.jpg 960w, https:\/\/www.ecofirma.sn\/wp-content\/uploads\/2016\/03\/Estac\u0327a\u0303oTratamento01.jpg 1392w\" sizes=\"(max-width: 300px) 100vw, 300px\" \/><br \/>\n<em>Esta\u00e7\u00e3o de tratamento de \u00e1guas residuais.<\/em><\/p>\n<p><img loading=\"lazy\" decoding=\"async\" width=\"300\" height=\"225\" class=\"alignnone size-medium wp-image-181\" src=\"http:\/\/www.ecofirma.ci\/wp-content\/uploads\/2016\/03\/ecotar-300x225.jpg\" alt=\"ecotar\" srcset=\"https:\/\/www.ecofirma.sn\/wp-content\/uploads\/2016\/03\/ecotar-300x225.jpg 300w, https:\/\/www.ecofirma.sn\/wp-content\/uploads\/2016\/03\/ecotar.jpg 421w\" sizes=\"(max-width: 300px) 100vw, 300px\" \/><br \/>\n<em>Esta\u00e7\u00e3o de tratamento de \u00e1guas residuais compacta.<\/em><\/p>\n<p><img loading=\"lazy\" decoding=\"async\" class=\"alignnone wp-image-183\" src=\"http:\/\/www.ecofirma.ci\/wp-content\/uploads\/2016\/03\/sistema-de-tr-agua.jpg\" alt=\"sistema de tr agua\" width=\"301\" height=\"225\" \/><br \/>\n<em>Esta\u00e7\u00e3o de tratamento de \u00e1gua pot\u00e1vel.<\/em><\/p>\n<p><img loading=\"lazy\" decoding=\"async\" width=\"300\" height=\"225\" class=\"alignnone size-medium wp-image-184\" src=\"http:\/\/www.ecofirma.ci\/wp-content\/uploads\/2016\/03\/Angola-M.Bento-Total-123-300x225.jpg\" alt=\"Angola M.Bento Total 123\" srcset=\"https:\/\/www.ecofirma.sn\/wp-content\/uploads\/2016\/03\/Angola-M.Bento-Total-123-300x225.jpg 300w, https:\/\/www.ecofirma.sn\/wp-content\/uploads\/2016\/03\/Angola-M.Bento-Total-123-768x576.jpg 768w, https:\/\/www.ecofirma.sn\/wp-content\/uploads\/2016\/03\/Angola-M.Bento-Total-123-1024x768.jpg 1024w, https:\/\/www.ecofirma.sn\/wp-content\/uploads\/2016\/03\/Angola-M.Bento-Total-123-1600x1200.jpg 1600w, https:\/\/www.ecofirma.sn\/wp-content\/uploads\/2016\/03\/Angola-M.Bento-Total-123-960x720.jpg 960w\" sizes=\"(max-width: 300px) 100vw, 300px\" \/><br \/>\n<em>Assist\u00eancia t\u00e9cnica para a manuten\u00e7\u00e3o e controlo do sistema de tratamento da \u00e1gua da piscina.<\/em><\/p>\n<h6><img loading=\"lazy\" decoding=\"async\" class=\"alignnone wp-image-187\" src=\"http:\/\/www.ecofirma.ci\/wp-content\/uploads\/2016\/03\/Sistema-de-Tratamento-de-A\u0301gua_A.jpg\" alt=\"Sistema de Tratamento de A\u0301gua_A\" width=\"300\" height=\"232\" \/><br \/>\n<em>Manuten\u00e7\u00e3o de sistemas de abastecimento e tratamento de \u00e1gua.<\/em><br \/>\n<\/div><div class=\"organic-column one-half last\"> <strong>a) Sistemas de abastecimento<\/strong><br \/>\n<strong> Projectamos \/ dimensionamos, fornecemos e montamos todos os equipamentos electromec\u00e2nicos e el\u00e9ctricos.<\/strong><\/h6>\n<ul>\n<li>Esta\u00e7\u00f5es Elevat\u00f3rias de Abastecimento de \u00c1gua e Bombagem de \u00c1guas Efluentes.<\/li>\n<\/ul>\n<p><strong>b) Sistemas de tratamento com hipoclorito de s\u00f3dio<\/strong><\/p>\n<ul>\n<li>Filtra\u00e7\u00e3o, utilizando filtros com leitos mistos com v\u00e1lvulas autom\u00e1ticas ou manuais;<\/li>\n<li>Ultrafiltra\u00e7\u00e3o;<\/li>\n<li>Osmose inversa;<\/li>\n<li>Sistemas de ultravioleta.<\/li>\n<\/ul>\n<p>Todos os nossos sistemas de tratamento podem ser instalados em zonas sem alimenta\u00e7\u00e3o el\u00e9trica sendo alimentados por pain\u00e9is fotovoltaicos ou atrav\u00e9s de gerador.<\/p>\n<p><strong>c) Sistemas de tratamento de efluente<\/strong><\/p>\n<p>projecto e execu\u00e7\u00e3o de sistemas de tratamento de efluente;<\/p>\n<ul>\n<li>ETAR\u2019s.<\/li>\n<li>Esta\u00e7\u00e3o de tratamento de \u00e1guas residuais compacta.<\/li>\n<\/ul>\n<p><strong>d) Piscinas<\/strong><br \/>\nProjectamos, fornecemos, instalamos e executamos a manuten\u00e7\u00e3o de todos os equipamentos de piscinas.<\/p>\n<p><strong>e) Manuten\u00e7\u00f5es dos sistemas<\/strong><br \/>\nAsseguramos o projecto, instala\u00e7\u00e3o e manuten\u00e7\u00e3o de sistemas de tratamento de \u00e1gua e abastecimento de \u00e1gua.<br \/>\nTemos uma equipa multidiscliplinar capaz de assegurar as melhores t\u00e9cnicas ao n\u00edvel da manuten\u00e7\u00e3o preventiva.<\/div><div class=\"clearboth\"><\/div>\n","protected":false},"excerpt":{"rendered":"","protected":false},"author":1,"featured_media":0,"parent":24,"menu_order":0,"comment_status":"closed","ping_status":"closed","template":"","meta":{"footnotes":""},"class_list":["post-54","page","type-page","status-publish","hentry"],"_links":{"self":[{"href":"https:\/\/www.ecofirma.sn\/index.php\/wp-json\/wp\/v2\/pages\/54","targetHints":{"allow":["GET"]}}],"collection":[{"href":"https:\/\/www.ecofirma.sn\/index.php\/wp-json\/wp\/v2\/pages"}],"about":[{"href":"https:\/\/www.ecofirma.sn\/index.php\/wp-json\/wp\/v2\/types\/page"}],"author":[{"embeddable":true,"href":"https:\/\/www.ecofirma.sn\/index.php\/wp-json\/wp\/v2\/users\/1"}],"replies":[{"embeddable":true,"href":"https:\/\/www.ecofirma.sn\/index.php\/wp-json\/wp\/v2\/comments?post=54"}],"version-history":[{"count":14,"href":"https:\/\/www.ecofirma.sn\/index.php\/wp-json\/wp\/v2\/pages\/54\/revisions"}],"predecessor-version":[{"id":192,"href":"https:\/\/www.ecofirma.sn\/index.php\/wp-json\/wp\/v2\/pages\/54\/revisions\/192"}],"up":[{"embeddable":true,"href":"https:\/\/www.ecofirma.sn\/index.php\/wp-json\/wp\/v2\/pages\/24"}],"wp:attachment":[{"href":"https:\/\/www.ecofirma.sn\/index.php\/wp-json\/wp\/v2\/media?parent=54"}],"curies":[{"name":"wp","href":"https:\/\/api.w.org\/{rel}","templated":true}]}}