{"id":56,"date":"2016-03-08T16:23:37","date_gmt":"2016-03-08T15:23:37","guid":{"rendered":"http:\/\/www.ecofirma.ci\/?page_id=56"},"modified":"2016-03-15T17:28:44","modified_gmt":"2016-03-15T16:28:44","slug":"desinfeccoes","status":"publish","type":"page","link":"https:\/\/www.ecofirma.sn\/index.php\/notre-activite\/desinfeccoes\/","title":{"rendered":"Desinfec\u00e7\u00f5es"},"content":{"rendered":"<div class=\"organic-column one-half\"><img decoding=\"async\" width=\"300\" height=\"116\" class=\"alignnone size-medium wp-image-195\" src=\"http:\/\/www.ecofirma.ci\/wp-content\/uploads\/2016\/03\/desin-copy-300x116.jpg\" alt=\"desin copy\" srcset=\"https:\/\/www.ecofirma.sn\/wp-content\/uploads\/2016\/03\/desin-copy-300x116.jpg 300w, https:\/\/www.ecofirma.sn\/wp-content\/uploads\/2016\/03\/desin-copy.jpg 553w\" sizes=\"(max-width: 300px) 100vw, 300px\" \/><br \/>\n<em>Aplica\u00e7\u00e3o de desincrustante e desinfectante.<\/em><\/p>\n<p><img decoding=\"async\" width=\"300\" height=\"111\" class=\"alignnone size-medium wp-image-196\" src=\"http:\/\/www.ecofirma.ci\/wp-content\/uploads\/2016\/03\/Untitled-1-copy-300x111.jpg\" alt=\"Untitled-1 copy\" srcset=\"https:\/\/www.ecofirma.sn\/wp-content\/uploads\/2016\/03\/Untitled-1-copy-300x111.jpg 300w, https:\/\/www.ecofirma.sn\/wp-content\/uploads\/2016\/03\/Untitled-1-copy-768x285.jpg 768w, https:\/\/www.ecofirma.sn\/wp-content\/uploads\/2016\/03\/Untitled-1-copy.jpg 819w\" sizes=\"(max-width: 300px) 100vw, 300px\" \/><br \/>\n<em>Aplica\u00e7\u00e3o de desincrustante e desinfectante<\/em><\/p>\n<p><img fetchpriority=\"high\" decoding=\"async\" width=\"300\" height=\"225\" class=\"alignnone size-medium wp-image-199\" src=\"http:\/\/www.ecofirma.ci\/wp-content\/uploads\/2016\/03\/Va\u0301rias-fotos-009-300x225.jpg\" alt=\"Va\u0301rias fotos 009\" srcset=\"https:\/\/www.ecofirma.sn\/wp-content\/uploads\/2016\/03\/Va\u0301rias-fotos-009-300x225.jpg 300w, https:\/\/www.ecofirma.sn\/wp-content\/uploads\/2016\/03\/Va\u0301rias-fotos-009.jpg 555w\" sizes=\"(max-width: 300px) 100vw, 300px\" \/><br \/>\nAplica\u00e7\u00e3o de desincrustante e desinfectante<\/p>\n<p><img loading=\"lazy\" decoding=\"async\" width=\"300\" height=\"203\" class=\"alignnone size-medium wp-image-200\" src=\"http:\/\/www.ecofirma.ci\/wp-content\/uploads\/2016\/03\/21052011044-copy-300x203.jpg\" alt=\"21052011044 copy\" srcset=\"https:\/\/www.ecofirma.sn\/wp-content\/uploads\/2016\/03\/21052011044-copy-300x203.jpg 300w, https:\/\/www.ecofirma.sn\/wp-content\/uploads\/2016\/03\/21052011044-copy-768x520.jpg 768w, https:\/\/www.ecofirma.sn\/wp-content\/uploads\/2016\/03\/21052011044-copy-1024x693.jpg 1024w, https:\/\/www.ecofirma.sn\/wp-content\/uploads\/2016\/03\/21052011044-copy-1772x1200.jpg 1772w, https:\/\/www.ecofirma.sn\/wp-content\/uploads\/2016\/03\/21052011044-copy-960x650.jpg 960w\" sizes=\"(max-width: 300px) 100vw, 300px\" \/><br \/>\nLavagem de cisternas m\u00f3veis.<br \/>\n<\/div><div class=\"organic-column one-half last\">Trabalhos de limpeza e desinfec\u00e7\u00e3o bacteriol\u00f3gica de estruturas.<br \/>\n<strong>a) Desinfec\u00e7\u00e3o de dep\u00f3sitos de \u00e1gua em uso<\/strong><br \/>\nExecutamos trabalhos de limpeza e desinfec\u00e7\u00e3o qu\u00edmica n\u00e3o agressiva de dep\u00f3sitos de \u00e1gua pot\u00e1vel que se encontram em funcionamento e necessitam de manuten\u00e7\u00e3o peri\u00f3dica.<\/p>\n<p><strong>b) Desinfec\u00e7\u00e3o de dep\u00f3sitos de \u00e1gua novos<\/strong><br \/>\nTrabalhos de limpeza e desinfec\u00e7\u00e3o qu\u00edmica n\u00e3o agressiva para dep\u00f3sitos de \u00e1gua pot\u00e1vel antes do seu primeiro uso.<\/p>\n<p><strong>c) Desinfec\u00e7\u00e3o de condutas<\/strong><br \/>\nExecutamos trabalhos de limpeza e desinfec\u00e7\u00e3o qu\u00edmica n\u00e3o agressiva em condutas e redes de distribui\u00e7\u00e3o.<\/p>\n<p><strong>d) Desinfec\u00e7\u00e3o de cisternas m\u00f3veis<\/strong><br \/>\nTrabalhos de desinfec\u00e7\u00e3o de cisternas m\u00f3veis.<\/div><div class=\"clearboth\"><\/div>\n","protected":false},"excerpt":{"rendered":"","protected":false},"author":1,"featured_media":0,"parent":24,"menu_order":0,"comment_status":"closed","ping_status":"closed","template":"","meta":{"footnotes":""},"class_list":["post-56","page","type-page","status-publish","hentry"],"_links":{"self":[{"href":"https:\/\/www.ecofirma.sn\/index.php\/wp-json\/wp\/v2\/pages\/56","targetHints":{"allow":["GET"]}}],"collection":[{"href":"https:\/\/www.ecofirma.sn\/index.php\/wp-json\/wp\/v2\/pages"}],"about":[{"href":"https:\/\/www.ecofirma.sn\/index.php\/wp-json\/wp\/v2\/types\/page"}],"author":[{"embeddable":true,"href":"https:\/\/www.ecofirma.sn\/index.php\/wp-json\/wp\/v2\/users\/1"}],"replies":[{"embeddable":true,"href":"https:\/\/www.ecofirma.sn\/index.php\/wp-json\/wp\/v2\/comments?post=56"}],"version-history":[{"count":6,"href":"https:\/\/www.ecofirma.sn\/index.php\/wp-json\/wp\/v2\/pages\/56\/revisions"}],"predecessor-version":[{"id":202,"href":"https:\/\/www.ecofirma.sn\/index.php\/wp-json\/wp\/v2\/pages\/56\/revisions\/202"}],"up":[{"embeddable":true,"href":"https:\/\/www.ecofirma.sn\/index.php\/wp-json\/wp\/v2\/pages\/24"}],"wp:attachment":[{"href":"https:\/\/www.ecofirma.sn\/index.php\/wp-json\/wp\/v2\/media?parent=56"}],"curies":[{"name":"wp","href":"https:\/\/api.w.org\/{rel}","templated":true}]}}