{"id":67,"date":"2016-03-08T16:28:05","date_gmt":"2016-03-08T15:28:05","guid":{"rendered":"http:\/\/www.ecofirma.ci\/?page_id=67"},"modified":"2016-03-15T18:19:43","modified_gmt":"2016-03-15T17:19:43","slug":"ensaios-de-estanquidade-em-tubagens","status":"publish","type":"page","link":"https:\/\/www.ecofirma.sn\/index.php\/notre-activite\/ensaios-de-estanquidade-em-tubagens\/","title":{"rendered":"Ensaios de estanquidade em tubagens"},"content":{"rendered":"<div class=\"organic-column one-half\">\n<img fetchpriority=\"high\" decoding=\"async\" width=\"300\" height=\"225\" class=\"alignnone size-medium wp-image-212\" src=\"http:\/\/www.ecofirma.ci\/wp-content\/uploads\/2016\/03\/Va\u0301rias-fotos-073-300x225.jpg\" alt=\"Va\u0301rias fotos 073\" srcset=\"https:\/\/www.ecofirma.sn\/wp-content\/uploads\/2016\/03\/Va\u0301rias-fotos-073-300x225.jpg 300w, https:\/\/www.ecofirma.sn\/wp-content\/uploads\/2016\/03\/Va\u0301rias-fotos-073-768x576.jpg 768w, https:\/\/www.ecofirma.sn\/wp-content\/uploads\/2016\/03\/Va\u0301rias-fotos-073-1024x768.jpg 1024w, https:\/\/www.ecofirma.sn\/wp-content\/uploads\/2016\/03\/Va\u0301rias-fotos-073-1600x1200.jpg 1600w, https:\/\/www.ecofirma.sn\/wp-content\/uploads\/2016\/03\/Va\u0301rias-fotos-073-960x720.jpg 960w\" sizes=\"(max-width: 300px) 100vw, 300px\" \/><br \/>\n<em>Ensaios de press\u00e3o em condutas.<br \/>\n<\/em><br \/>\n<img decoding=\"async\" class=\"alignnone wp-image-211\" src=\"http:\/\/www.ecofirma.ci\/wp-content\/uploads\/2016\/03\/Ensaios-de-estanquidade.jpg\" alt=\"Ensaios de estanquidade\" width=\"299\" height=\"216\" \/><br \/>\n<em>Ensaios de press\u00e3o em condutas.<br \/>\n<\/em><br \/>\n<\/div><div class=\"organic-column one-half last\">Verifica\u00e7\u00e3o do comportamento do visco el\u00e1stico das redes de \u00e1gua, identificando as perdas de estanquidade e realiza\u00e7\u00e3o de ensaios das condi\u00e7\u00f5es de funcionamento final.<\/div><div class=\"clearboth\"><\/div>\n","protected":false},"excerpt":{"rendered":"","protected":false},"author":1,"featured_media":0,"parent":24,"menu_order":0,"comment_status":"closed","ping_status":"closed","template":"","meta":{"footnotes":""},"class_list":["post-67","page","type-page","status-publish","hentry"],"_links":{"self":[{"href":"https:\/\/www.ecofirma.sn\/index.php\/wp-json\/wp\/v2\/pages\/67","targetHints":{"allow":["GET"]}}],"collection":[{"href":"https:\/\/www.ecofirma.sn\/index.php\/wp-json\/wp\/v2\/pages"}],"about":[{"href":"https:\/\/www.ecofirma.sn\/index.php\/wp-json\/wp\/v2\/types\/page"}],"author":[{"embeddable":true,"href":"https:\/\/www.ecofirma.sn\/index.php\/wp-json\/wp\/v2\/users\/1"}],"replies":[{"embeddable":true,"href":"https:\/\/www.ecofirma.sn\/index.php\/wp-json\/wp\/v2\/comments?post=67"}],"version-history":[{"count":4,"href":"https:\/\/www.ecofirma.sn\/index.php\/wp-json\/wp\/v2\/pages\/67\/revisions"}],"predecessor-version":[{"id":214,"href":"https:\/\/www.ecofirma.sn\/index.php\/wp-json\/wp\/v2\/pages\/67\/revisions\/214"}],"up":[{"embeddable":true,"href":"https:\/\/www.ecofirma.sn\/index.php\/wp-json\/wp\/v2\/pages\/24"}],"wp:attachment":[{"href":"https:\/\/www.ecofirma.sn\/index.php\/wp-json\/wp\/v2\/media?parent=67"}],"curies":[{"name":"wp","href":"https:\/\/api.w.org\/{rel}","templated":true}]}}