{"id":709,"date":"2016-10-13T14:54:08","date_gmt":"2016-10-13T13:54:08","guid":{"rendered":"http:\/\/www.ecofirma.ci\/?page_id=709"},"modified":"2023-01-19T15:35:38","modified_gmt":"2023-01-19T14:35:38","slug":"obras-de-referencia","status":"publish","type":"page","link":"https:\/\/www.ecofirma.sn\/index.php\/obras-de-referencia\/","title":{"rendered":"REFERENCE DE TRAVAUX"},"content":{"rendered":"<p>Ecofirma \u00e9volue dans le domaine de l\u2019Eau depuis les ann\u00e9es 90. Elle a ainsi accumul\u00e9 de l\u2019exp\u00e9rience dans ces projets particuli\u00e8rement en Europe, Afrique et Am\u00e9rique du Sud. La compagnie op\u00e8re depuis la conception, l\u2019ex\u00e9cution, la r\u00e9paration et l\u2019entretien des syst\u00e8mes de traitement et d\u2019approvisionnementen eau. Ecofirma d\u00e9tient une \u00e9quipe de professionnels exp\u00e9riment\u00e9s et, en particulier en Afrique et en Am\u00e9rique du Sud, la formation des travailleurs locaux est un des principaux vecteurs. Notre objectif d\u2019apporter une r\u00e9ponse rapide aux demandes constitue certainement une valeur ajout\u00e9e, en termes de budg\u00e9tisation et d\u2019ex\u00e9cution des travaux. La qualit\u00e9 des services offerts peut \u00eatre mesur\u00e9e par le portefeuille croissant de clients et de pays dans lesquels nous intervenons.<\/p>\n<p>&nbsp;<\/p>\n<p><iframe title=\"Ecofirma CI\" width=\"640\" height=\"360\" src=\"https:\/\/www.youtube.com\/embed\/lF1DbB7Yg68?feature=oembed\" frameborder=\"0\" allow=\"accelerometer; autoplay; clipboard-write; encrypted-media; gyroscope; picture-in-picture; web-share\" referrerpolicy=\"strict-origin-when-cross-origin\" allowfullscreen><\/iframe><\/p>\n<p style=\"text-align: left;\">\n<p style=\"text-align: left;\">\n<p style=\"text-align: left;\">\n<p style=\"text-align: left;\"><span style=\"color: #dd8e18;\"><strong>BESIX | VEOLIAwater sti ci |<\/strong><\/span>Usine de traitement d\u00b4eau potable de la M\u00e9. Injection haute pression et \u00e9tanchi\u00e9t\u00e9.<\/p>\n<p style=\"text-align: left;\"><img decoding=\"async\" width=\"252\" height=\"188\" class=\"alignnone size-full wp-image-13164\" src=\"https:\/\/www.ecofirma.sn\/wp-content\/uploads\/2021\/07\/Besix1.jpg\" alt=\"besix1\">&nbsp;&nbsp;<img decoding=\"async\" width=\"252\" height=\"188\" class=\"alignnone size-full wp-image-13163\" src=\"https:\/\/www.ecofirma.sn\/wp-content\/uploads\/2021\/07\/Besix2.jpg\" alt=\"besix2\">&nbsp;&nbsp;<img decoding=\"async\" width=\"252\" height=\"188\" class=\"alignnone size-full wp-image-13162\" src=\"https:\/\/www.ecofirma.sn\/wp-content\/uploads\/2021\/07\/Besix3.jpg\" alt=\"besix3\"><\/p>\n<p><span style=\"color: #dd8e18;\"><strong>MOTA ENGIL&nbsp;|&nbsp;<\/strong><\/span>Centre d\u00b4enfouissemente technique de Kossihouen PK44. Fourniture et instalation de station de pompage.<\/p>\n<p><img loading=\"lazy\" decoding=\"async\" width=\"252\" height=\"188\" class=\"alignnone size-full wp-image-13161\" src=\"https:\/\/www.ecofirma.sn\/wp-content\/uploads\/2021\/07\/motaengil1.jpg\" alt=\"motaengil1\">&nbsp;&nbsp;<img loading=\"lazy\" decoding=\"async\" width=\"252\" height=\"188\" class=\"alignnone size-full wp-image-13159\" src=\"https:\/\/www.ecofirma.sn\/wp-content\/uploads\/2021\/07\/motaengil3.jpg\" alt=\"motaengil3\">&nbsp; <img loading=\"lazy\" decoding=\"async\" width=\"252\" height=\"188\" class=\"alignnone size-full wp-image-13160\" src=\"https:\/\/www.ecofirma.sn\/wp-content\/uploads\/2021\/07\/motaengil2.jpg\" alt=\"motaengil2\"><\/p>\n<p><span style=\"color: #dd8e18;\"><strong>BIMA NGE CONTRACTING&nbsp;|&nbsp;<\/strong><\/span>Baches \u00e0 eau.&nbsp;\u00c9tanchi\u00e9t\u00e9 et d\u00e9sinfection.<\/p>\n<p><img loading=\"lazy\" decoding=\"async\" width=\"252\" height=\"188\" class=\"alignnone size-full wp-image-13155\" src=\"https:\/\/www.ecofirma.sn\/wp-content\/uploads\/2021\/07\/nge-contracting3.jpg\" alt=\"nge-contracting3\">&nbsp;&nbsp;<img loading=\"lazy\" decoding=\"async\" width=\"252\" height=\"188\" class=\"alignnone size-full wp-image-13157\" src=\"https:\/\/www.ecofirma.sn\/wp-content\/uploads\/2021\/07\/nge2.jpg\" alt=\"nge2\">&nbsp;&nbsp;<img loading=\"lazy\" decoding=\"async\" width=\"252\" height=\"188\" class=\"alignnone size-full wp-image-13158\" src=\"https:\/\/www.ecofirma.sn\/wp-content\/uploads\/2021\/07\/nge1.jpg\" alt=\"nge1\"><\/p>\n<p><span style=\"color: #ff0000;\"><strong><span style=\"color: #dd8e18;\">HOTEL AZALAI |<\/span>&nbsp;<\/strong><\/span>D\u00e9sinfection de reservoir d\u00b4eau potable.<\/p>\n<p><img loading=\"lazy\" decoding=\"async\" width=\"252\" height=\"188\" class=\"alignnone size-full wp-image-13151\" src=\"https:\/\/www.ecofirma.sn\/wp-content\/uploads\/2021\/07\/azalai1.jpg\" alt=\"azalai1\">&nbsp;&nbsp;<img loading=\"lazy\" decoding=\"async\" width=\"252\" height=\"188\" class=\"alignnone size-full wp-image-13150\" src=\"https:\/\/www.ecofirma.sn\/wp-content\/uploads\/2021\/07\/azalai2.jpg\" alt=\"azalai2\"><\/p>\n<p><span style=\"color: #ff0000;\"><strong><span style=\"color: #dd8e18;\">POLYCLINIQUE FARAH|&nbsp;<\/span><\/strong><\/span>D\u00e9sinfection bact\u00e9rologique.<\/p>\n<p><img loading=\"lazy\" decoding=\"async\" width=\"252\" height=\"188\" class=\"alignnone size-full wp-image-13152\" src=\"https:\/\/www.ecofirma.sn\/wp-content\/uploads\/2021\/07\/polyclinique3.jpg\" alt=\"polyclinique3\">&nbsp; <img loading=\"lazy\" decoding=\"async\" width=\"252\" height=\"188\" class=\"alignnone size-full wp-image-13153\" src=\"https:\/\/www.ecofirma.sn\/wp-content\/uploads\/2021\/07\/polyclinique2.jpg\" alt=\"polyclinique2\">&nbsp;&nbsp;<img loading=\"lazy\" decoding=\"async\" width=\"252\" height=\"188\" class=\"alignnone size-full wp-image-13154\" src=\"https:\/\/www.ecofirma.sn\/wp-content\/uploads\/2021\/07\/polyclinique1.jpg\" alt=\"polyclinique1\"><\/p>\n<p><span style=\"color: #dd8e18;\"><strong>MOTA ENGIL&nbsp;|&nbsp;<\/strong><\/span>Stade&nbsp;<span class=\"s1\">de<\/span>&nbsp;la Paix &#8211; Bouak\u00e9. Travaux d\u00b4\u00e9tanchi\u00e9t\u00e9.<\/p>\n<p><img loading=\"lazy\" decoding=\"async\" width=\"252\" height=\"188\" class=\"alignnone size-full wp-image-13148\" src=\"https:\/\/www.ecofirma.sn\/wp-content\/uploads\/2021\/07\/stade-de-la-paix2.jpg\" alt=\"stade-de-la-paix2\">&nbsp; <img loading=\"lazy\" decoding=\"async\" width=\"252\" height=\"188\" class=\"alignnone size-full wp-image-13146\" src=\"https:\/\/www.ecofirma.sn\/wp-content\/uploads\/2021\/07\/stade-de-la-paix3.png\" alt=\"stade-de-la-paix3\">&nbsp;&nbsp;<img loading=\"lazy\" decoding=\"async\" width=\"252\" height=\"188\" class=\"alignnone size-full wp-image-13149\" src=\"https:\/\/www.ecofirma.sn\/wp-content\/uploads\/2021\/07\/stade-de-la-paix1.jpg\" alt=\"stade-de-la-paix1\"><\/p>\n<p style=\"text-align: justify;\"><strong><span style=\"color: #dd8e18;\">NGE CONTRACTING |&nbsp;<\/span><\/strong>Acad\u00e9mie internationale de lutte contre le terrorisme. \u00c9tanchi\u00e9t\u00e9, traitement&nbsp; &nbsp; &nbsp; &nbsp; &nbsp; d\u00b4eau, syst\u00e8me d\u00b4incendie.<\/p>\n<p><img loading=\"lazy\" decoding=\"async\" width=\"252\" height=\"188\" class=\"alignnone size-full wp-image-13145\" src=\"https:\/\/www.ecofirma.sn\/wp-content\/uploads\/2021\/07\/Jaqueville1.jpg\" alt=\"jaqueville1\">&nbsp;&nbsp; <img loading=\"lazy\" decoding=\"async\" width=\"252\" height=\"188\" class=\"alignnone size-full wp-image-13143\" src=\"https:\/\/www.ecofirma.sn\/wp-content\/uploads\/2021\/07\/Jaqueville2.jpg\" alt=\"jaqueville2\">&nbsp;&nbsp;<img loading=\"lazy\" decoding=\"async\" width=\"252\" height=\"188\" class=\"alignnone size-full wp-image-13144\" src=\"https:\/\/www.ecofirma.sn\/wp-content\/uploads\/2021\/07\/Jaqueville3.jpg\" alt=\"jaqueville3\"><\/p>\n<p>&nbsp;<\/p>\n<p>&nbsp;<\/p>\n","protected":false},"excerpt":{"rendered":"<p>Ecofirma \u00e9volue dans le domaine de l\u2019Eau depuis les ann\u00e9es 90. Elle a ainsi accumul\u00e9 de l\u2019exp\u00e9rience dans ces projets particuli\u00e8rement en Europe, Afrique et Am\u00e9rique du Sud. La compagnie op\u00e8re depuis la conception, l\u2019ex\u00e9cution, la r\u00e9paration et&#8230; <a class=\"read-more\" href=\"https:\/\/www.ecofirma.sn\/index.php\/obras-de-referencia\/\">En savoir plus<\/a><\/p>\n","protected":false},"author":1,"featured_media":716,"parent":0,"menu_order":0,"comment_status":"closed","ping_status":"closed","template":"","meta":{"footnotes":""},"class_list":["post-709","page","type-page","status-publish","has-post-thumbnail","hentry"],"_links":{"self":[{"href":"https:\/\/www.ecofirma.sn\/index.php\/wp-json\/wp\/v2\/pages\/709","targetHints":{"allow":["GET"]}}],"collection":[{"href":"https:\/\/www.ecofirma.sn\/index.php\/wp-json\/wp\/v2\/pages"}],"about":[{"href":"https:\/\/www.ecofirma.sn\/index.php\/wp-json\/wp\/v2\/types\/page"}],"author":[{"embeddable":true,"href":"https:\/\/www.ecofirma.sn\/index.php\/wp-json\/wp\/v2\/users\/1"}],"replies":[{"embeddable":true,"href":"https:\/\/www.ecofirma.sn\/index.php\/wp-json\/wp\/v2\/comments?post=709"}],"version-history":[{"count":44,"href":"https:\/\/www.ecofirma.sn\/index.php\/wp-json\/wp\/v2\/pages\/709\/revisions"}],"predecessor-version":[{"id":13238,"href":"https:\/\/www.ecofirma.sn\/index.php\/wp-json\/wp\/v2\/pages\/709\/revisions\/13238"}],"wp:featuredmedia":[{"embeddable":true,"href":"https:\/\/www.ecofirma.sn\/index.php\/wp-json\/wp\/v2\/media\/716"}],"wp:attachment":[{"href":"https:\/\/www.ecofirma.sn\/index.php\/wp-json\/wp\/v2\/media?parent=709"}],"curies":[{"name":"wp","href":"https:\/\/api.w.org\/{rel}","templated":true}]}}