{"id":75,"date":"2016-03-08T16:42:05","date_gmt":"2016-03-08T15:42:05","guid":{"rendered":"http:\/\/www.ecofirma.ci\/?page_id=75"},"modified":"2016-11-07T13:20:55","modified_gmt":"2016-11-07T12:20:55","slug":"equipa-qualificada","status":"publish","type":"page","link":"https:\/\/www.ecofirma.sn\/index.php\/a-ecofirma\/equipa-qualificada\/","title":{"rendered":"EQUIPE QUALIFIEE"},"content":{"rendered":"<p>Nous avons 20 ans d\u2019exp\u00e9rience dans ce secteur. La connaissance et l\u2019exp\u00e9rience d\u2019une \u00e9quipe hautement qualifi\u00e9e mises \u00e0 la disposition de nos clients sont des facteurs importants de diff\u00e9renciation sur le march\u00e9.<\/p>\n<p>Nous disposons d\u2019une \u00e9quipe technique pluridisciplinaire et sommes capables de r\u00e9pondre \u00e0 toutes les pr\u00e9occupations dans les meilleurs d\u00e9lais en garantissant un service professionnel sp\u00e9cialis\u00e9. Notre \u00e9quipe est autant compos\u00e9e de gestionnaires sp\u00e9cialis\u00e9s dans la connaissance des besoins actuels et futurs du march\u00e9 que d\u2019ing\u00e9nieurs form\u00e9 en imperm\u00e9abilisations sp\u00e9ciales, r\u00e9habilitation de structures en b\u00e9ton arm\u00e9, syst\u00e8me d\u2019approvisionnement d\u2019eau et de traitement des eaux r\u00e9siduaires et d\u00e9sinfections, entre autres.<\/p>\n<p>Tous les travaux sont coordonn\u00e9s par un responsable technique de formation en ing\u00e9nierie et ex\u00e9cut\u00e9s par de petites \u00e9quipes compos\u00e9es de charg\u00e9 et d\u2019op\u00e9rationnels de formation technique sp\u00e9cialis\u00e9e et qui ont une exp\u00e9rience certifi\u00e9e dans plusieurs domaines.<\/p>\n<p>Nous avons un r\u00e9seau actif de partenaires et de clients. Pour une exp\u00e9rience r\u00e9ussie, l\u2019\u00e9cosyst\u00e8me de partenariat que nous cr\u00e9ons avec d\u2019autres entreprises, fabricantes, fournisseurs et concepteurs est fondamental.<\/p>\n<p>Nous garantissons \u00e0 nos clients un contr\u00f4le total de la qualit\u00e9 durant nos travaux.<\/p>\n<p>Nous nous employons \u00e0 m\u00e9riter la confiance et la satisfaction de tous.<\/p>\n<p>Le plus important pour nous ceux sont les personnes. Pour cela nous misons sur la valorisation permanente de nos collaborateurs et sur la qualit\u00e9 en ce qui concerne le travail. Nous promouvons la formation r\u00e9guli\u00e8re de notre \u00e9quipe et suivons de pr\u00e8s l\u2019\u00e9volution de l\u2019industrie afin de transmettre \u00e0 nos techniciens les techniques et connaissances les plus avanc\u00e9es.<\/p>\n","protected":false},"excerpt":{"rendered":"<p>Nous avons 20 ans d\u2019exp\u00e9rience dans ce secteur. La connaissance et l\u2019exp\u00e9rience d\u2019une \u00e9quipe hautement qualifi\u00e9e mises \u00e0 la disposition de nos clients sont des facteurs importants de diff\u00e9renciation sur le march\u00e9. Nous disposons d\u2019une \u00e9quipe technique pluridisciplinaire&#8230; <a class=\"read-more\" href=\"https:\/\/www.ecofirma.sn\/index.php\/a-ecofirma\/equipa-qualificada\/\">En savoir plus<\/a><\/p>\n","protected":false},"author":1,"featured_media":398,"parent":22,"menu_order":0,"comment_status":"closed","ping_status":"closed","template":"","meta":{"footnotes":""},"class_list":["post-75","page","type-page","status-publish","has-post-thumbnail","hentry"],"_links":{"self":[{"href":"https:\/\/www.ecofirma.sn\/index.php\/wp-json\/wp\/v2\/pages\/75","targetHints":{"allow":["GET"]}}],"collection":[{"href":"https:\/\/www.ecofirma.sn\/index.php\/wp-json\/wp\/v2\/pages"}],"about":[{"href":"https:\/\/www.ecofirma.sn\/index.php\/wp-json\/wp\/v2\/types\/page"}],"author":[{"embeddable":true,"href":"https:\/\/www.ecofirma.sn\/index.php\/wp-json\/wp\/v2\/users\/1"}],"replies":[{"embeddable":true,"href":"https:\/\/www.ecofirma.sn\/index.php\/wp-json\/wp\/v2\/comments?post=75"}],"version-history":[{"count":6,"href":"https:\/\/www.ecofirma.sn\/index.php\/wp-json\/wp\/v2\/pages\/75\/revisions"}],"predecessor-version":[{"id":858,"href":"https:\/\/www.ecofirma.sn\/index.php\/wp-json\/wp\/v2\/pages\/75\/revisions\/858"}],"up":[{"embeddable":true,"href":"https:\/\/www.ecofirma.sn\/index.php\/wp-json\/wp\/v2\/pages\/22"}],"wp:featuredmedia":[{"embeddable":true,"href":"https:\/\/www.ecofirma.sn\/index.php\/wp-json\/wp\/v2\/media\/398"}],"wp:attachment":[{"href":"https:\/\/www.ecofirma.sn\/index.php\/wp-json\/wp\/v2\/media?parent=75"}],"curies":[{"name":"wp","href":"https:\/\/api.w.org\/{rel}","templated":true}]}}